{"id":12,"date":"2025-07-21T16:38:15","date_gmt":"2025-07-21T16:38:15","guid":{"rendered":"https:\/\/www.hahn.lu\/?page_id=12"},"modified":"2025-11-22T12:26:17","modified_gmt":"2025-11-22T12:26:17","slug":"home","status":"publish","type":"page","link":"https:\/\/www.hahn.lu\/","title":{"rendered":"Home"},"content":{"rendered":"<p>[et_pb_section fb_built=&#8220;1&#8243; _builder_version=&#8220;4.27.4&#8243; _module_preset=&#8220;default&#8220; background_color=&#8220;#000000&#8243; use_background_color_gradient=&#8220;on&#8220; background_color_gradient_stops=&#8220;#f27a16 0%|#ffffff 98%&#8220; background_enable_image=&#8220;off&#8220; global_colors_info=&#8220;{}&#8220;][et_pb_row _builder_version=&#8220;4.27.4&#8243; _module_preset=&#8220;default&#8220; global_colors_info=&#8220;{}&#8220;][et_pb_column type=&#8220;4_4&#8243; _builder_version=&#8220;4.27.4&#8243; _module_preset=&#8220;default&#8220; global_colors_info=&#8220;{}&#8220;][et_pb_text _builder_version=&#8220;4.27.4&#8243; _module_preset=&#8220;default&#8220; text_text_color=&#8220;#FFFFFF&#8220; header_text_color=&#8220;#FFFFFF&#8220; global_colors_info=&#8220;{}&#8220;]<\/p>\n<h1>W\u00ebllkomm op Hahn.lu<\/h1>\n<p>[\/et_pb_text][\/et_pb_column][\/et_pb_row][et_pb_row _builder_version=&#8220;4.27.4&#8243; _module_preset=&#8220;default&#8220; global_colors_info=&#8220;{}&#8220;][et_pb_column type=&#8220;4_4&#8243; _builder_version=&#8220;4.27.4&#8243; _module_preset=&#8220;default&#8220; global_colors_info=&#8220;{}&#8220;][et_pb_image src=&#8220;http:\/\/www.hahn.lu\/wp-content\/uploads\/2025\/07\/farm_fresh_pumpkins.jpg&#8220; alt=&#8220;Fr\u00ebsch K\u00fcrbissen direkt vun dem Haff&#8220; title_text=&#8220;farm_fresh_pumpkins&#8220; align=&#8220;center&#8220; _builder_version=&#8220;4.27.4&#8243; _module_preset=&#8220;default&#8220; global_colors_info=&#8220;{}&#8220;][\/et_pb_image][\/et_pb_column][\/et_pb_row][\/et_pb_section][et_pb_section fb_built=&#8220;1&#8243; _builder_version=&#8220;4.27.4&#8243; _module_preset=&#8220;default&#8220; global_colors_info=&#8220;{}&#8220;][et_pb_row column_structure=&#8220;1_3,1_3,1_3&#8243; _builder_version=&#8220;4.27.4&#8243; _module_preset=&#8220;default&#8220; global_colors_info=&#8220;{}&#8220;][et_pb_column type=&#8220;1_3&#8243; _builder_version=&#8220;4.27.4&#8243; _module_preset=&#8220;default&#8220; global_colors_info=&#8220;{}&#8220;][et_pb_code _builder_version=&#8220;4.27.4&#8243; _module_preset=&#8220;default&#8220; border_radii=&#8220;on|10px|10px|10px|10px&#8220; border_width_all=&#8220;2px&#8220; border_color_all=&#8220;#000000&#8243; global_colors_info=&#8220;{}&#8220;]<!-- Leaflet CSS einbinden --><!-- [et_pb_line_break_holder] --><link rel=\"stylesheet\" href=\"https:\/\/unpkg.com\/leaflet\/dist\/leaflet.css\" \/><!-- [et_pb_line_break_holder] --><!-- [et_pb_line_break_holder] --><!-- Karte-Container --><!-- [et_pb_line_break_holder] --><\/p>\n<div id=\"map\" style=\"width: 100%; height: 400px;\"><\/div>\n<p><!-- [et_pb_line_break_holder] --><!-- [et_pb_line_break_holder] --><!-- Leaflet JS einbinden --><!-- [et_pb_line_break_holder] --><script src=\"https:\/\/unpkg.com\/leaflet\/dist\/leaflet.js\"><\/script><!-- [et_pb_line_break_holder] --><!-- [et_pb_line_break_holder] --><script><!-- [et_pb_line_break_holder] -->  \/\/ Karte initialisieren<!-- [et_pb_line_break_holder] -->  var map = L.map('map').setView([49.7925, 5.82067], 15);<!-- [et_pb_line_break_holder] --><!-- [et_pb_line_break_holder] -->  \/\/ OSM Layer hinzuf\u00fcgen<!-- [et_pb_line_break_holder] -->  L.tileLayer('https:\/\/{s}.tile.openstreetmap.org\/{z}\/{x}\/{y}.png', {<!-- [et_pb_line_break_holder] -->    attribution: '\u00a9 OpenStreetMap-Mitwirkende'<!-- [et_pb_line_break_holder] -->  }).addTo(map);<!-- [et_pb_line_break_holder] --><!-- [et_pb_line_break_holder] -->  \/\/ Marker hinzuf\u00fcgen (optional mit Popup)<!-- [et_pb_line_break_holder] -->  L.marker([49.7925, 5.82067]).addTo(map)<!-- [et_pb_line_break_holder] -->    .bindPopup('Hahn.lu') \/\/ Beispieladresse aus deinem Code<!-- [et_pb_line_break_holder] -->    .openPopup();<!-- [et_pb_line_break_holder] --><\/script>[\/et_pb_code][\/et_pb_column][et_pb_column type=&#8220;1_3&#8243; _builder_version=&#8220;4.27.4&#8243; _module_preset=&#8220;default&#8220; global_colors_info=&#8220;{}&#8220;][et_pb_text _builder_version=&#8220;4.27.4&#8243; _module_preset=&#8220;default&#8220; global_colors_info=&#8220;{}&#8220;]<\/p>\n<h2><span>Christian Hahn<\/span><\/h2>\n<p><span>12, Haaptstrooss <\/span><\/p>\n<p><span>L-8560 Roodt <\/span><\/p>\n<p><span>Tel:23621454 <\/span><\/p>\n<p><span>GSM:621469291<\/span><\/p>\n<p>[\/et_pb_text][\/et_pb_column][et_pb_column type=&#8220;1_3&#8243; _builder_version=&#8220;4.27.4&#8243; _module_preset=&#8220;default&#8220; global_colors_info=&#8220;{}&#8220;][et_pb_text _builder_version=&#8220;4.27.4&#8243; _module_preset=&#8220;default&#8220; global_colors_info=&#8220;{}&#8220;]<\/p>\n<h2 class=\"sppb-addon-title\">All Dag op<\/h2>\n<p><span>W\u00e4rend der K\u00fcrbisz\u00e4it, si mir all Dag fir Iech do Vu Moies fr\u00e9i bis Owes 19:00.<\/span><\/p>\n<p>&nbsp;<\/p>\n<p>[\/et_pb_text][\/et_pb_column][\/et_pb_row][\/et_pb_section]<\/p>\n","protected":false},"excerpt":{"rendered":"<p>W\u00ebllkomm op Hahn.luChristian Hahn 12, Haaptstrooss L-8560 Roodt Tel:23621454 GSM:621469291All Dag op W\u00e4rend der K\u00fcrbisz\u00e4it, si mir all Dag fir Iech do Vu Moies fr\u00e9i bis Owes 19:00. &nbsp;<\/p>\n","protected":false},"author":1,"featured_media":0,"parent":0,"menu_order":0,"comment_status":"closed","ping_status":"closed","template":"","meta":{"_et_pb_use_builder":"on","_et_pb_old_content":"","_et_gb_content_width":"","footnotes":""},"class_list":["post-12","page","type-page","status-publish","hentry"],"_links":{"self":[{"href":"https:\/\/www.hahn.lu\/index.php?rest_route=\/wp\/v2\/pages\/12","targetHints":{"allow":["GET"]}}],"collection":[{"href":"https:\/\/www.hahn.lu\/index.php?rest_route=\/wp\/v2\/pages"}],"about":[{"href":"https:\/\/www.hahn.lu\/index.php?rest_route=\/wp\/v2\/types\/page"}],"author":[{"embeddable":true,"href":"https:\/\/www.hahn.lu\/index.php?rest_route=\/wp\/v2\/users\/1"}],"replies":[{"embeddable":true,"href":"https:\/\/www.hahn.lu\/index.php?rest_route=%2Fwp%2Fv2%2Fcomments&post=12"}],"version-history":[{"count":18,"href":"https:\/\/www.hahn.lu\/index.php?rest_route=\/wp\/v2\/pages\/12\/revisions"}],"predecessor-version":[{"id":85,"href":"https:\/\/www.hahn.lu\/index.php?rest_route=\/wp\/v2\/pages\/12\/revisions\/85"}],"wp:attachment":[{"href":"https:\/\/www.hahn.lu\/index.php?rest_route=%2Fwp%2Fv2%2Fmedia&parent=12"}],"curies":[{"name":"wp","href":"https:\/\/api.w.org\/{rel}","templated":true}]}}